{"id":8,"date":"2025-07-18T14:44:24","date_gmt":"2025-07-18T14:44:24","guid":{"rendered":"https:\/\/nuevaimagencr.com\/?page_id=8"},"modified":"2025-07-22T03:41:34","modified_gmt":"2025-07-22T03:41:34","slug":"empresa","status":"publish","type":"page","link":"https:\/\/nuevaimagencr.com\/index.php\/empresa\/","title":{"rendered":"Empresa"},"content":{"rendered":"<p><img loading=\"lazy\" decoding=\"async\" class=\"wp-image-101 aligncenter\" src=\"https:\/\/nuevaimagencr.com\/wp-content\/uploads\/2025\/07\/LOCAL-300x197.jpg\" alt=\"\" width=\"549\" height=\"360\" srcset=\"https:\/\/nuevaimagencr.com\/wp-content\/uploads\/2025\/07\/LOCAL-300x197.jpg 300w, https:\/\/nuevaimagencr.com\/wp-content\/uploads\/2025\/07\/LOCAL-1024x672.jpg 1024w, https:\/\/nuevaimagencr.com\/wp-content\/uploads\/2025\/07\/LOCAL-768x504.jpg 768w, https:\/\/nuevaimagencr.com\/wp-content\/uploads\/2025\/07\/LOCAL-1536x1008.jpg 1536w, https:\/\/nuevaimagencr.com\/wp-content\/uploads\/2025\/07\/LOCAL.jpg 1739w\" sizes=\"auto, (max-width: 549px) 100vw, 549px\" \/><\/p>\n<p>Somos una empresa especializada en la PRODUCCI\u00d3N GR\u00c1FICA, abarcando una amplia gama de productos y servicios en forma integral, con el objetivo de ofrecer a nuestros clientes soluciones gr\u00e1ficas de forma integral. Nueva Imagen CR, nace como un peque\u00f1o emprendimiento en servicios de dise\u00f1o y de impresi\u00f3n digital en el a\u00f1o 2000, con el paso de los a\u00f1os hemos logrado ampliar y consolidar los productos y servicios ofrecidos, pasando a ser una EMPRESA L\u00cdDER en la producci\u00f3n gr\u00e1fica. Contamos con CENTROS DE ATENCI\u00d3N AL CLIENTE en: Cariari, Pococ\u00ed, Lim\u00f3n: Zona Atlantica, el GAM y Jicaral, Puntarenas: Zona Pacifico Norte y Pen\u00ednsula de Nicoya, igualmente le atendemos a nivel nacional en nuestras plataformas digitales.<\/p>\n<p><em><strong>Misi\u00f3n<\/strong><\/em><br \/>\n\u201cBrindar soluciones gr\u00e1ficas de calidad, oportunas y eficientes, ofreciendo servicios integrales en funci\u00f3n de las necesidades de nuestros clientes\u201d<\/p>\n<p><em><strong>Visi\u00f3n<\/strong><\/em><br \/>\n\u201cSer una empresa L\u00cdDER en servicios gr\u00e1ficos, forjando d\u00eda a d\u00eda el crecimiento y solidez de nuestra empresa, mediante la aplicaci\u00f3n de nuestros valores corporativos y el correcto desempe\u00f1o de los procesos productivos\u201d<\/p>\n","protected":false},"excerpt":{"rendered":"<p>Somos una empresa especializada en la PRODUCCI\u00d3N GR\u00c1FICA, abarcando una amplia gama de productos y servicios en forma integral, con el objetivo de ofrecer a nuestros clientes soluciones gr\u00e1ficas de&hellip;<\/p>\n","protected":false},"author":1,"featured_media":0,"parent":0,"menu_order":0,"comment_status":"closed","ping_status":"closed","template":"","meta":{"footnotes":""},"class_list":["post-8","page","type-page","status-publish","hentry"],"_links":{"self":[{"href":"https:\/\/nuevaimagencr.com\/index.php\/wp-json\/wp\/v2\/pages\/8","targetHints":{"allow":["GET"]}}],"collection":[{"href":"https:\/\/nuevaimagencr.com\/index.php\/wp-json\/wp\/v2\/pages"}],"about":[{"href":"https:\/\/nuevaimagencr.com\/index.php\/wp-json\/wp\/v2\/types\/page"}],"author":[{"embeddable":true,"href":"https:\/\/nuevaimagencr.com\/index.php\/wp-json\/wp\/v2\/users\/1"}],"replies":[{"embeddable":true,"href":"https:\/\/nuevaimagencr.com\/index.php\/wp-json\/wp\/v2\/comments?post=8"}],"version-history":[{"count":6,"href":"https:\/\/nuevaimagencr.com\/index.php\/wp-json\/wp\/v2\/pages\/8\/revisions"}],"predecessor-version":[{"id":144,"href":"https:\/\/nuevaimagencr.com\/index.php\/wp-json\/wp\/v2\/pages\/8\/revisions\/144"}],"wp:attachment":[{"href":"https:\/\/nuevaimagencr.com\/index.php\/wp-json\/wp\/v2\/media?parent=8"}],"curies":[{"name":"wp","href":"https:\/\/api.w.org\/{rel}","templated":true}]}}