{"id":152,"date":"2025-08-26T12:32:45","date_gmt":"2025-08-26T12:32:45","guid":{"rendered":"https:\/\/nuevaimagencr.com\/?page_id=152"},"modified":"2025-08-26T12:32:45","modified_gmt":"2025-08-26T12:32:45","slug":"graduarte","status":"publish","type":"page","link":"https:\/\/nuevaimagencr.com\/index.php\/graduarte\/","title":{"rendered":"GRADUARTE"},"content":{"rendered":"<p>Todo en paquetes de graduaci\u00f3n, fotograf\u00eda profesional y productos gr\u00e1ficos para instituciones educativas.<\/p>\n<p><a href=\"https:\/\/heyzine.com\/flip-book\/682779de21.html\" target=\"_blank\" rel=\"noopener\">CATALOGO DE CINTAS 15 DE SETIEMBRE<\/a><\/p>\n<p><a href=\"https:\/\/heyzine.com\/flip-book\/682779de21.html\" target=\"_blank\" rel=\"noopener\"><img loading=\"lazy\" decoding=\"async\" class=\"alignnone size-medium wp-image-151\" src=\"https:\/\/nuevaimagencr.com\/wp-content\/uploads\/2025\/08\/PORTADA-CATALOGO-232x300.jpg\" alt=\"\" width=\"232\" height=\"300\" srcset=\"https:\/\/nuevaimagencr.com\/wp-content\/uploads\/2025\/08\/PORTADA-CATALOGO-232x300.jpg 232w, https:\/\/nuevaimagencr.com\/wp-content\/uploads\/2025\/08\/PORTADA-CATALOGO-791x1024.jpg 791w, https:\/\/nuevaimagencr.com\/wp-content\/uploads\/2025\/08\/PORTADA-CATALOGO-768x994.jpg 768w, https:\/\/nuevaimagencr.com\/wp-content\/uploads\/2025\/08\/PORTADA-CATALOGO-1187x1536.jpg 1187w, https:\/\/nuevaimagencr.com\/wp-content\/uploads\/2025\/08\/PORTADA-CATALOGO-1583x2048.jpg 1583w, https:\/\/nuevaimagencr.com\/wp-content\/uploads\/2025\/08\/PORTADA-CATALOGO-scaled.jpg 1978w\" sizes=\"auto, (max-width: 232px) 100vw, 232px\" \/><\/a><\/p>\n","protected":false},"excerpt":{"rendered":"<p>Todo en paquetes de graduaci\u00f3n, fotograf\u00eda profesional y productos gr\u00e1ficos para instituciones educativas. CATALOGO DE CINTAS 15 DE SETIEMBRE<\/p>\n","protected":false},"author":2,"featured_media":0,"parent":0,"menu_order":0,"comment_status":"closed","ping_status":"closed","template":"","meta":{"footnotes":""},"class_list":["post-152","page","type-page","status-publish","hentry"],"_links":{"self":[{"href":"https:\/\/nuevaimagencr.com\/index.php\/wp-json\/wp\/v2\/pages\/152","targetHints":{"allow":["GET"]}}],"collection":[{"href":"https:\/\/nuevaimagencr.com\/index.php\/wp-json\/wp\/v2\/pages"}],"about":[{"href":"https:\/\/nuevaimagencr.com\/index.php\/wp-json\/wp\/v2\/types\/page"}],"author":[{"embeddable":true,"href":"https:\/\/nuevaimagencr.com\/index.php\/wp-json\/wp\/v2\/users\/2"}],"replies":[{"embeddable":true,"href":"https:\/\/nuevaimagencr.com\/index.php\/wp-json\/wp\/v2\/comments?post=152"}],"version-history":[{"count":1,"href":"https:\/\/nuevaimagencr.com\/index.php\/wp-json\/wp\/v2\/pages\/152\/revisions"}],"predecessor-version":[{"id":154,"href":"https:\/\/nuevaimagencr.com\/index.php\/wp-json\/wp\/v2\/pages\/152\/revisions\/154"}],"wp:attachment":[{"href":"https:\/\/nuevaimagencr.com\/index.php\/wp-json\/wp\/v2\/media?parent=152"}],"curies":[{"name":"wp","href":"https:\/\/api.w.org\/{rel}","templated":true}]}}