{"id":12,"date":"2025-07-18T14:44:49","date_gmt":"2025-07-18T14:44:49","guid":{"rendered":"https:\/\/nuevaimagencr.com\/?page_id=12"},"modified":"2025-07-22T03:39:22","modified_gmt":"2025-07-22T03:39:22","slug":"contactenos","status":"publish","type":"page","link":"https:\/\/nuevaimagencr.com\/index.php\/contactenos\/","title":{"rendered":"Cont\u00e1ctenos"},"content":{"rendered":"<p>NUESTRO DIRECTORIO DE COMUNICACI\u00d3N A SU SERVICIO<\/p>\n<p>Centro de Atenci\u00f3n al Cliente Tel. (506) 4600-1020<\/p>\n<p>WhatsApp Cariari, Pococ\u00ed 8708 2587<\/p>\n<p>WhatsApp Jicaral Puntarenas 7017-2909<\/p>\n<p>Email: info@nuevaimagencr.com<\/p>\n<p>WEB:\u00a0 www.nuevaimagencr.com<\/p>\n<p>Facebook\/ impresosnuevaimagencr<\/p>\n<p>&nbsp;<\/p>\n","protected":false},"excerpt":{"rendered":"<p>NUESTRO DIRECTORIO DE COMUNICACI\u00d3N A SU SERVICIO Centro de Atenci\u00f3n al Cliente Tel. (506) 4600-1020 WhatsApp Cariari, Pococ\u00ed 8708 2587 WhatsApp Jicaral Puntarenas 7017-2909 Email: info@nuevaimagencr.com WEB:\u00a0 www.nuevaimagencr.com Facebook\/ impresosnuevaimagencr&hellip;<\/p>\n","protected":false},"author":1,"featured_media":0,"parent":0,"menu_order":0,"comment_status":"closed","ping_status":"closed","template":"","meta":{"footnotes":""},"class_list":["post-12","page","type-page","status-publish","hentry"],"_links":{"self":[{"href":"https:\/\/nuevaimagencr.com\/index.php\/wp-json\/wp\/v2\/pages\/12","targetHints":{"allow":["GET"]}}],"collection":[{"href":"https:\/\/nuevaimagencr.com\/index.php\/wp-json\/wp\/v2\/pages"}],"about":[{"href":"https:\/\/nuevaimagencr.com\/index.php\/wp-json\/wp\/v2\/types\/page"}],"author":[{"embeddable":true,"href":"https:\/\/nuevaimagencr.com\/index.php\/wp-json\/wp\/v2\/users\/1"}],"replies":[{"embeddable":true,"href":"https:\/\/nuevaimagencr.com\/index.php\/wp-json\/wp\/v2\/comments?post=12"}],"version-history":[{"count":3,"href":"https:\/\/nuevaimagencr.com\/index.php\/wp-json\/wp\/v2\/pages\/12\/revisions"}],"predecessor-version":[{"id":141,"href":"https:\/\/nuevaimagencr.com\/index.php\/wp-json\/wp\/v2\/pages\/12\/revisions\/141"}],"wp:attachment":[{"href":"https:\/\/nuevaimagencr.com\/index.php\/wp-json\/wp\/v2\/media?parent=12"}],"curies":[{"name":"wp","href":"https:\/\/api.w.org\/{rel}","templated":true}]}}