{"id":10,"date":"2025-07-18T14:44:31","date_gmt":"2025-07-18T14:44:31","guid":{"rendered":"https:\/\/nuevaimagencr.com\/?page_id=10"},"modified":"2025-07-22T03:44:21","modified_gmt":"2025-07-22T03:44:21","slug":"servicios","status":"publish","type":"page","link":"https:\/\/nuevaimagencr.com\/index.php\/servicios\/","title":{"rendered":"Servicios"},"content":{"rendered":"<p>En nuestra cartera de productos y servicios gr\u00e1ficos le ofrecemos:<\/p>\n<ul>\n<li>Imprenta y litograf\u00eda.<\/li>\n<li>Dise\u00f1o gr\u00e1fico y asesor\u00eda profesional en mercadeo.<\/li>\n<li>Impresi\u00f3n digital en peque\u00f1o y gran formato.<\/li>\n<li>Rotulaci\u00f3n comercial y vehicular.<\/li>\n<li>Rotulaci\u00f3n comercial y vehicular.<\/li>\n<li>Textiles, sublimaci\u00f3n y serigraf\u00eda.<\/li>\n<li>Art\u00edculos promocionales.<\/li>\n<li>Sellos autom\u00e1ticos y en madera.<\/li>\n<li>Encuadernaci\u00f3n fina y r\u00fastica.<\/li>\n<li>Carnets y credenciales corporativas.<\/li>\n<li>Paquetes de Graduaci\u00f3n.<\/li>\n<li>Fotograf\u00eda Profesional.<\/li>\n<\/ul>\n","protected":false},"excerpt":{"rendered":"<p>En nuestra cartera de productos y servicios gr\u00e1ficos le ofrecemos: Imprenta y litograf\u00eda. Dise\u00f1o gr\u00e1fico y asesor\u00eda profesional en mercadeo. Impresi\u00f3n digital en peque\u00f1o y gran formato. Rotulaci\u00f3n comercial y&hellip;<\/p>\n","protected":false},"author":1,"featured_media":0,"parent":0,"menu_order":0,"comment_status":"closed","ping_status":"closed","template":"","meta":{"footnotes":""},"class_list":["post-10","page","type-page","status-publish","hentry"],"_links":{"self":[{"href":"https:\/\/nuevaimagencr.com\/index.php\/wp-json\/wp\/v2\/pages\/10","targetHints":{"allow":["GET"]}}],"collection":[{"href":"https:\/\/nuevaimagencr.com\/index.php\/wp-json\/wp\/v2\/pages"}],"about":[{"href":"https:\/\/nuevaimagencr.com\/index.php\/wp-json\/wp\/v2\/types\/page"}],"author":[{"embeddable":true,"href":"https:\/\/nuevaimagencr.com\/index.php\/wp-json\/wp\/v2\/users\/1"}],"replies":[{"embeddable":true,"href":"https:\/\/nuevaimagencr.com\/index.php\/wp-json\/wp\/v2\/comments?post=10"}],"version-history":[{"count":4,"href":"https:\/\/nuevaimagencr.com\/index.php\/wp-json\/wp\/v2\/pages\/10\/revisions"}],"predecessor-version":[{"id":149,"href":"https:\/\/nuevaimagencr.com\/index.php\/wp-json\/wp\/v2\/pages\/10\/revisions\/149"}],"wp:attachment":[{"href":"https:\/\/nuevaimagencr.com\/index.php\/wp-json\/wp\/v2\/media?parent=10"}],"curies":[{"name":"wp","href":"https:\/\/api.w.org\/{rel}","templated":true}]}}